{"id":12,"date":"2024-07-10T15:32:14","date_gmt":"2024-07-10T13:32:14","guid":{"rendered":"http:\/\/comptaventure.com\/?page_id=12"},"modified":"2024-07-15T16:39:16","modified_gmt":"2024-07-15T14:39:16","slug":"mentions-legales","status":"publish","type":"page","link":"https:\/\/comptaventure.com\/index.php\/mentions-legales\/","title":{"rendered":"MENTIONS LEGALES"},"content":{"rendered":"\n<div data-wp-interactive=\"core\/file\" class=\"wp-block-file\"><object data-wp-bind--hidden=\"!state.hasPdfPreview\" hidden class=\"wp-block-file__embed\" data=\"https:\/\/comptaventure.com\/wp-content\/uploads\/2024\/07\/Mentions-legales-2.pdf\" type=\"application\/pdf\" style=\"width:100%;height:600px\" aria-label=\"Contenu embarqu\u00e9 Mentions-legales-2.\"><\/object><a id=\"wp-block-file--media-65889d6c-bb51-4705-9fdb-bec4823727ba\" href=\"https:\/\/comptaventure.com\/wp-content\/uploads\/2024\/07\/Mentions-legales-2.pdf\">Mentions-legales-2<\/a><a href=\"https:\/\/comptaventure.com\/wp-content\/uploads\/2024\/07\/Mentions-legales-2.pdf\" class=\"wp-block-file__button wp-element-button\" download aria-describedby=\"wp-block-file--media-65889d6c-bb51-4705-9fdb-bec4823727ba\">T\u00e9l\u00e9charger<\/a><\/div>\n\n\n\n<p>Version du\u00a0: 10.07.2024<\/p>\n\n\n\n<h2 class=\"wp-block-heading\">Identification de l\u2019\u00e9diteur<\/h2>\n\n\n\n<p>&nbsp;&nbsp;&nbsp;&nbsp;&nbsp;&nbsp;&nbsp;&nbsp;&nbsp;&nbsp;&nbsp; <strong>Universit\u00e9 de Montpellier<\/strong><\/p>\n\n\n\n<p>&nbsp;&nbsp;&nbsp;&nbsp;&nbsp;&nbsp;&nbsp;&nbsp;&nbsp;&nbsp;&nbsp; \u00c9tablissement public national \u00e0 caract\u00e8re scientifique culturel et professionnel<\/p>\n\n\n\n<p>163 rue Auguste Broussonnet&nbsp;&nbsp;&nbsp;&nbsp;&nbsp;&nbsp;&nbsp;&nbsp;&nbsp;&nbsp;<br>34090 Montpellier<\/p>\n\n\n\n<p>Mail&nbsp;: comptaventure@gmail.com<\/p>\n\n\n\n<p>T\u00e9l\u00e9phone&nbsp;: 04.67.41.74.00<\/p>\n\n\n\n<p>N\u00b0SIREN&nbsp;: 130&nbsp;029 796<\/p>\n\n\n\n<p>&nbsp;&nbsp;&nbsp;&nbsp;&nbsp;&nbsp;&nbsp;&nbsp;&nbsp;&nbsp;&nbsp; N\u00b0 SIRET : 130 029 796 000 13<\/p>\n\n\n\n<p>TVA intracommunautaire&nbsp;: FR20130029796<\/p>\n\n\n\n<p>Code NAF\/APE&nbsp;: 8542Z<\/p>\n\n\n\n<h2 class=\"wp-block-heading\">Directeur de la Publication<\/h2>\n\n\n\n<p>M. Guillaume Dumas<\/p>\n\n\n\n<h2 class=\"wp-block-heading\">Prestataire d\u2019h\u00e9bergement<\/h2>\n\n\n\n<p>OVH<\/p>\n\n\n\n<p>2 rue Kellermann, 59&nbsp;100 Roubaix<\/p>\n\n\n\n<p>T\u00e9l\u00e9phone&nbsp;:&nbsp; 1007<\/p>\n\n\n\n<h2 class=\"wp-block-heading\">Propri\u00e9t\u00e9 intellectuelle<\/h2>\n\n\n\n<p>L\u2019ensemble des contenus publi\u00e9s est r\u00e9put\u00e9 \u00eatre la propri\u00e9t\u00e9 pleine et enti\u00e8re de l\u2019Universit\u00e9 de Montpellier.<\/p>\n\n\n\n<p>Pour toute information et demande de reproduction d\u2019un contenu (notamment textes, graphiques, logos, marques, illustrations, musiques, interfaces, codes sources\/objets\u2026) quel qu\u2019en soit le support, l\u2019utilisateur est invit\u00e9 \u00e0 adresser pr\u00e9alablement sa demande par mail \u00e0 comptaventure@gmail.com<\/p>\n\n\n\n<p>A d\u00e9faut d\u2019autorisation sp\u00e9cifique, toute utilisation du contenu est prohib\u00e9e et sera notamment susceptible de caract\u00e9riser une atteinte aux droits de propri\u00e9t\u00e9 intellectuelle de l\u2019Universit\u00e9 de Montpellier.<\/p>\n\n\n\n<p>Toute action de scrapping et autre fouille de donn\u00e9es est prohib\u00e9e.<\/p>\n\n\n\n<h2 class=\"wp-block-heading\">Liens hypertextes<\/h2>\n\n\n\n<p>L\u2019Universit\u00e9 de Montpellier autorise la mise en place d\u2019un lien hypertexte pointant vers son contenu, sous r\u00e9serve de :<\/p>\n\n\n\n<ul class=\"wp-block-list\">\n<li>Ne pas utiliser de liens afin de nuire au r\u00e9f\u00e9rencement naturel&nbsp;;<\/li>\n\n\n\n<li>Ne pas utiliser la technique du lien profond (\u00ab deep linking \u00bb), les pages ne doivent pas \u00eatre imbriqu\u00e9es \u00e0 l\u2019int\u00e9rieur des pages d\u2019un autre site&nbsp;;<\/li>\n\n\n\n<li>Mentionner la source qui pointera gr\u00e2ce \u00e0 un lien hypertexte directement sur le contenu vis\u00e9&nbsp;; e<\/li>\n\n\n\n<li>Toute utilisation \u00e0 des fins commerciales ou publicitaires sans autorisation pr\u00e9alable de l\u2019Universit\u00e9 de Montpellier est exclue.<\/li>\n<\/ul>\n\n\n\n<p>Cette autorisation ne s\u2019applique pas aux sites internet diffusant des informations \u00e0 caract\u00e8re pol\u00e9mique, pornographique, x\u00e9nophobe ou pouvant, dans une plus large mesure porter atteinte \u00e0 la sensibilit\u00e9 du plus grand nombre, \u00e0 l\u2019ordre public ou aux bonnes m\u0153urs.<\/p>\n\n\n\n<p>Pour d\u2019autres utilisations, veuillez nous consulter.<\/p>\n","protected":false},"excerpt":{"rendered":"<p>Version du\u00a0: 10.07.2024 Identification de l\u2019\u00e9diteur &nbsp;&nbsp;&nbsp;&nbsp;&nbsp;&nbsp;&nbsp;&nbsp;&nbsp;&nbsp;&nbsp; Universit\u00e9 de Montpellier &nbsp;&nbsp;&nbsp;&nbsp;&nbsp;&nbsp;&nbsp;&nbsp;&nbsp;&nbsp;&nbsp; \u00c9tablissement public national \u00e0 caract\u00e8re scientifique culturel et professionnel 163 rue Auguste Broussonnet&nbsp;&nbsp;&nbsp;&nbsp;&nbsp;&nbsp;&nbsp;&nbsp;&nbsp;&nbsp;34090 Montpellier Mail&nbsp;: comptaventure@gmail.com T\u00e9l\u00e9phone&nbsp;: 04.67.41.74.00 N\u00b0SIREN&nbsp;: 130&nbsp;029 796 &nbsp;&nbsp;&nbsp;&nbsp;&nbsp;&nbsp;&nbsp;&nbsp;&nbsp;&nbsp;&nbsp; N\u00b0 SIRET : 130 029 796 000 13 TVA intracommunautaire&nbsp;: FR20130029796 Code NAF\/APE&nbsp;: 8542Z Directeur de la Publication M. Guillaume Dumas Prestataire [&hellip;]<\/p>\n","protected":false},"author":1,"featured_media":0,"parent":0,"menu_order":0,"comment_status":"closed","ping_status":"closed","template":"","meta":{"footnotes":""},"class_list":["post-12","page","type-page","status-publish","hentry"],"_links":{"self":[{"href":"https:\/\/comptaventure.com\/index.php\/wp-json\/wp\/v2\/pages\/12","targetHints":{"allow":["GET"]}}],"collection":[{"href":"https:\/\/comptaventure.com\/index.php\/wp-json\/wp\/v2\/pages"}],"about":[{"href":"https:\/\/comptaventure.com\/index.php\/wp-json\/wp\/v2\/types\/page"}],"author":[{"embeddable":true,"href":"https:\/\/comptaventure.com\/index.php\/wp-json\/wp\/v2\/users\/1"}],"replies":[{"embeddable":true,"href":"https:\/\/comptaventure.com\/index.php\/wp-json\/wp\/v2\/comments?post=12"}],"version-history":[{"count":2,"href":"https:\/\/comptaventure.com\/index.php\/wp-json\/wp\/v2\/pages\/12\/revisions"}],"predecessor-version":[{"id":59,"href":"https:\/\/comptaventure.com\/index.php\/wp-json\/wp\/v2\/pages\/12\/revisions\/59"}],"wp:attachment":[{"href":"https:\/\/comptaventure.com\/index.php\/wp-json\/wp\/v2\/media?parent=12"}],"curies":[{"name":"wp","href":"https:\/\/api.w.org\/{rel}","templated":true}]}}