{"id":186,"date":"2024-12-12T15:55:30","date_gmt":"2024-12-12T14:55:30","guid":{"rendered":"https:\/\/comptaventure.com\/?page_id=186"},"modified":"2025-09-18T18:32:48","modified_gmt":"2025-09-18T16:32:48","slug":"apprentissage-distancielle","status":"publish","type":"page","link":"https:\/\/comptaventure.com\/index.php\/apprentissage-distancielle\/","title":{"rendered":"Apprentissage distancielle"},"content":{"rendered":"\n<p>Comptaventure, c&rsquo;est aussi un projet d&rsquo;apprentissage populaire. <\/p>\n\n\n\n<p>C&rsquo;est pourquoi, nous te proposons ici de comprendre les bases de comptabilit\u00e9 en 4h. Ton expert comptable ou ton prof de compta ne devrait plus te parler chinois apr\u00e8s cela \ud83d\ude09<\/p>\n\n\n\n<hr class=\"wp-block-separator has-alpha-channel-opacity\"\/>\n\n\n\n<p><strong>1\u00e8re \u00e9tape<\/strong> : Vid\u00e9o de 30 minutes pr\u00e9sentant les \u00e9l\u00e9ments de d\u00e9finitions<\/p>\n\n\n\n<figure class=\"wp-block-video\"><video height=\"720\" style=\"aspect-ratio: 1280 \/ 720;\" width=\"1280\" controls src=\"https:\/\/comptaventure.com\/wp-content\/uploads\/2024\/12\/presentartion-des-concepts-de-comptabilite_nDcXT61V.mp4\"><\/video><\/figure>\n\n\n\n<hr class=\"wp-block-separator has-alpha-channel-opacity\"\/>\n\n\n\n<p><strong>2\u00e8me \u00e9tape<\/strong> : T\u00e9l\u00e9charge l&rsquo;application et fais quelques parties (environ 45 minutes):<\/p>\n\n\n\n<div class=\"wp-block-columns is-layout-flex wp-container-core-columns-is-layout-28f84493 wp-block-columns-is-layout-flex\">\n<div class=\"wp-block-column is-layout-flow wp-block-column-is-layout-flow\">\n<div class=\"wp-block-buttons is-content-justification-center is-layout-flex wp-container-core-buttons-is-layout-a89b3969 wp-block-buttons-is-layout-flex\">\n<div class=\"wp-block-button\"><a class=\"wp-block-button__link wp-element-button\" href=\"https:\/\/play.google.com\/store\/apps\/details?id=com.outerzone.comptadventure&amp;pcampaignid=web_share\">Sur Android<\/a><\/div>\n<\/div>\n<\/div>\n\n\n\n<div class=\"wp-block-column is-layout-flow wp-block-column-is-layout-flow\">\n<div class=\"wp-block-buttons is-content-justification-center is-layout-flex wp-container-core-buttons-is-layout-a89b3969 wp-block-buttons-is-layout-flex\">\n<div class=\"wp-block-button\"><a class=\"wp-block-button__link wp-element-button\" href=\"https:\/\/apps.apple.com\/fr\/app\/comptadventure\/id6499590115\">Sur IOS<\/a><\/div>\n<\/div>\n<\/div>\n<\/div>\n\n\n\n<hr class=\"wp-block-separator has-alpha-channel-opacity\"\/>\n\n\n\n<p><strong>3\u00e8me \u00e9tape<\/strong> : Test ton niveau de connaissances acquises avec l&rsquo;exercice suivant (environ 30 min)<\/p>\n\n\n\n<div class=\"wp-block-file\"><a id=\"wp-block-file--media-e585dab2-5948-4898-b5e3-271d3993398c\" href=\"https:\/\/comptaventure.com\/wp-content\/uploads\/2024\/12\/Support-de-cours-etudiants-comptadventure-1.docx\">Support de cours \u00e9tudiants comptadventure<\/a><a href=\"https:\/\/comptaventure.com\/wp-content\/uploads\/2024\/12\/Support-de-cours-etudiants-comptadventure-1.docx\" class=\"wp-block-file__button wp-element-button\" download aria-describedby=\"wp-block-file--media-e585dab2-5948-4898-b5e3-271d3993398c\">T\u00e9l\u00e9charger<\/a><\/div>\n\n\n\n<hr class=\"wp-block-separator has-alpha-channel-opacity\"\/>\n\n\n\n<p><strong>4\u00e8me \u00e9tape<\/strong> : V\u00e9rifie si tu as bien r\u00e9pondu avec le corrig\u00e9 comment\u00e9.<\/p>\n\n\n\n<figure class=\"wp-block-video\"><video height=\"480\" style=\"aspect-ratio: 852 \/ 480;\" width=\"852\" controls src=\"https:\/\/comptaventure.com\/wp-content\/uploads\/2024\/12\/corrige-exercice-e-learning_OrWJKiio.mp4\"><\/video><\/figure>\n\n\n\n<div class=\"wp-block-columns is-layout-flex wp-container-core-columns-is-layout-28f84493 wp-block-columns-is-layout-flex\">\n<div class=\"wp-block-column is-layout-flow wp-block-column-is-layout-flow\" style=\"flex-basis:33.33%\">\n<div class=\"wp-block-buttons is-layout-flex wp-block-buttons-is-layout-flex\">\n<div class=\"wp-block-button\"><a class=\"wp-block-button__link wp-element-button\" href=\"https:\/\/comptaventure.com\/index.php\/contact\/\">aide<\/a><\/div>\n<\/div>\n<\/div>\n\n\n\n<div class=\"wp-block-column is-layout-flow wp-block-column-is-layout-flow\" style=\"flex-basis:66.66%\">\n<p class=\"has-text-align-center\">A tout moment, si tu as une question, appuies sur le bouton d&rsquo;aide !!!<\/p>\n<\/div>\n<\/div>\n\n\n\n<p><\/p>\n","protected":false},"excerpt":{"rendered":"<p>Comptaventure, c&rsquo;est aussi un projet d&rsquo;apprentissage populaire. C&rsquo;est pourquoi, nous te proposons ici de comprendre les bases de comptabilit\u00e9 en 4h. Ton expert comptable ou ton prof de compta ne devrait plus te parler chinois apr\u00e8s cela \ud83d\ude09 1\u00e8re \u00e9tape : Vid\u00e9o de 30 minutes pr\u00e9sentant les \u00e9l\u00e9ments de d\u00e9finitions 2\u00e8me \u00e9tape : T\u00e9l\u00e9charge l&rsquo;application [&hellip;]<\/p>\n","protected":false},"author":1,"featured_media":0,"parent":0,"menu_order":0,"comment_status":"closed","ping_status":"closed","template":"","meta":{"footnotes":""},"class_list":["post-186","page","type-page","status-publish","hentry"],"_links":{"self":[{"href":"https:\/\/comptaventure.com\/index.php\/wp-json\/wp\/v2\/pages\/186","targetHints":{"allow":["GET"]}}],"collection":[{"href":"https:\/\/comptaventure.com\/index.php\/wp-json\/wp\/v2\/pages"}],"about":[{"href":"https:\/\/comptaventure.com\/index.php\/wp-json\/wp\/v2\/types\/page"}],"author":[{"embeddable":true,"href":"https:\/\/comptaventure.com\/index.php\/wp-json\/wp\/v2\/users\/1"}],"replies":[{"embeddable":true,"href":"https:\/\/comptaventure.com\/index.php\/wp-json\/wp\/v2\/comments?post=186"}],"version-history":[{"count":5,"href":"https:\/\/comptaventure.com\/index.php\/wp-json\/wp\/v2\/pages\/186\/revisions"}],"predecessor-version":[{"id":224,"href":"https:\/\/comptaventure.com\/index.php\/wp-json\/wp\/v2\/pages\/186\/revisions\/224"}],"wp:attachment":[{"href":"https:\/\/comptaventure.com\/index.php\/wp-json\/wp\/v2\/media?parent=186"}],"curies":[{"name":"wp","href":"https:\/\/api.w.org\/{rel}","templated":true}]}}